{"id":13,"date":"2026-01-25T17:42:02","date_gmt":"2026-01-25T17:42:02","guid":{"rendered":"https:\/\/innerstrength.hu\/?page_id=13"},"modified":"2026-01-30T13:43:51","modified_gmt":"2026-01-30T13:43:51","slug":"kezdolap","status":"publish","type":"page","link":"https:\/\/innerstrength.hu\/index.php\/kezdolap\/","title":{"rendered":"Kezd\u0151lap"},"content":{"rendered":"\n<div class=\"wp-block-cover alignfull\" style=\"min-height:300px;aspect-ratio:unset;\"><img loading=\"lazy\" decoding=\"async\" width=\"1024\" height=\"682\" class=\"wp-block-cover__image-background wp-image-62 size-large\" alt=\"\" src=\"https:\/\/innerstrength.hu\/wp-content\/uploads\/2026\/01\/forest-8355748_1280-1024x682.jpg\" style=\"object-position:95% 89%\" data-object-fit=\"cover\" data-object-position=\"95% 89%\" srcset=\"https:\/\/innerstrength.hu\/wp-content\/uploads\/2026\/01\/forest-8355748_1280-1024x682.jpg 1024w, https:\/\/innerstrength.hu\/wp-content\/uploads\/2026\/01\/forest-8355748_1280-300x200.jpg 300w, https:\/\/innerstrength.hu\/wp-content\/uploads\/2026\/01\/forest-8355748_1280-768x512.jpg 768w, https:\/\/innerstrength.hu\/wp-content\/uploads\/2026\/01\/forest-8355748_1280.jpg 1280w\" sizes=\"auto, (max-width: 1024px) 100vw, 1024px\" \/><span aria-hidden=\"true\" class=\"wp-block-cover__background has-background-dim-80 has-background-dim\" style=\"background-color:#373217\"><\/span><div class=\"wp-block-cover__inner-container is-layout-constrained wp-block-cover-is-layout-constrained\">\n<p class=\"has-text-align-center has-large-font-size\"><\/p>\n<\/div><\/div>\n\n\n\n<div class=\"wp-block-group is-layout-constrained wp-container-core-group-is-layout-3d4ac36e wp-block-group-is-layout-constrained\" style=\"min-height:0px;margin-top:0;margin-bottom:0;padding-top:var(--wp--preset--spacing--40);padding-bottom:0;padding-left:0\">\n<div class=\"wp-block-group is-layout-constrained wp-block-group-is-layout-constrained\" style=\"min-height:200px\">\n<h1 class=\"wp-block-heading has-text-align-left\">Bels\u0151 er\u0151.<br>Csend.<br>Jelenl\u00e9t.<\/h1>\n\n\n\n<p>Egy t\u00e9r , ahol csendben visszatal\u00e1lsz a testedhez.<br><\/p>\n<\/div>\n<\/div>\n","protected":false},"excerpt":{"rendered":"<p>Bels\u0151 er\u0151.Csend.Jelenl\u00e9t. Egy t\u00e9r , ahol csendben visszatal\u00e1lsz a testedhez.<\/p>\n","protected":false},"author":1,"featured_media":0,"parent":0,"menu_order":0,"comment_status":"closed","ping_status":"closed","template":"","meta":{"footnotes":""},"class_list":["post-13","page","type-page","status-publish","hentry"],"blocksy_meta":[],"_links":{"self":[{"href":"https:\/\/innerstrength.hu\/index.php\/wp-json\/wp\/v2\/pages\/13","targetHints":{"allow":["GET"]}}],"collection":[{"href":"https:\/\/innerstrength.hu\/index.php\/wp-json\/wp\/v2\/pages"}],"about":[{"href":"https:\/\/innerstrength.hu\/index.php\/wp-json\/wp\/v2\/types\/page"}],"author":[{"embeddable":true,"href":"https:\/\/innerstrength.hu\/index.php\/wp-json\/wp\/v2\/users\/1"}],"replies":[{"embeddable":true,"href":"https:\/\/innerstrength.hu\/index.php\/wp-json\/wp\/v2\/comments?post=13"}],"version-history":[{"count":14,"href":"https:\/\/innerstrength.hu\/index.php\/wp-json\/wp\/v2\/pages\/13\/revisions"}],"predecessor-version":[{"id":72,"href":"https:\/\/innerstrength.hu\/index.php\/wp-json\/wp\/v2\/pages\/13\/revisions\/72"}],"wp:attachment":[{"href":"https:\/\/innerstrength.hu\/index.php\/wp-json\/wp\/v2\/media?parent=13"}],"curies":[{"name":"wp","href":"https:\/\/api.w.org\/{rel}","templated":true}]}}